{"id":76,"date":"2019-03-11T00:53:14","date_gmt":"2019-03-10T23:53:14","guid":{"rendered":"http:\/\/golfmagazine.cz\/?page_id=76"},"modified":"2023-06-14T17:04:46","modified_gmt":"2023-06-14T15:04:46","slug":"medialni-skupina-hmg","status":"publish","type":"page","link":"https:\/\/golfmagazine.cz\/index.php\/medialni-skupina-hmg\/","title":{"rendered":"Medi\u00e1ln\u00ed skupina HMG"},"content":{"rendered":"\n<div style=\"height:30px\" aria-hidden=\"true\" class=\"wp-block-spacer\"><\/div>\n\n\n\n<p><strong>HOUSE Media Group\u00a0je seskupen\u00ed n\u011bkolika aktivn\u00edch firem v oblasti medi\u00ed, kter\u00e9 se ke konci roku 2018 spojily v jednu zna\u010dku\/firmu, pod kterou budou spole\u010dn\u011b vystupovat. Z\u00e1rove\u0148 v pr\u016fb\u011bhu roku 2023 do spole\u010dnosti vstoup\u00ed zahrani\u010dn\u00ed kapit\u00e1l, d\u00edky kter\u00e9mu se bude medi\u00e1ln\u00ed skupina HMG je\u0161t\u011b v\u00edce roz\u0161i\u0159ovat a zv\u011bt\u0161ovat, aby pos\u00edlila svoji pozici na \u010desk\u00e9m trhu.<\/strong><\/p>\n\n\n\n<div style=\"height:45px\" aria-hidden=\"true\" class=\"wp-block-spacer\"><\/div>\n\n\n\n<p><strong>HOUSE Media Group s.r.o.<\/strong><\/p>\n\n\n\n<p>Rybn\u00e1 716\/24, Praha 1 &#8211; Star\u00e9 M\u011bsto, 110 00<\/p>\n\n\n\n<p>I\u010c: 07647999<\/p>\n\n\n\n<p>Spole\u010dnost veden\u00e1 u M\u011bstsk\u00e9ho soudu v Praze, odd\u00edl C 304437<\/p>\n\n\n\n<p><a href=\"https:\/\/www.housemediagroup.cz\"><strong><\/strong><\/a><strong><a href=\"https:\/\/www.hmg.cz\/\"><strong>www.HMG.cz<\/strong><\/a><\/strong><\/p>\n\n\n\n<div style=\"height:100px\" aria-hidden=\"true\" class=\"wp-block-spacer\"><\/div>\n","protected":false},"excerpt":{"rendered":"<p>HOUSE Media Group\u00a0je seskupen\u00ed n\u011bkolika aktivn\u00edch firem v oblasti medi\u00ed, kter\u00e9 se ke konci roku 2018 spojily v jednu zna\u010dku\/firmu, pod kterou budou spole\u010dn\u011b vystupovat. Z\u00e1rove\u0148 v pr\u016fb\u011bhu roku 2023 do spole\u010dnosti vstoup\u00ed zahrani\u010dn\u00ed&#46;&#46;&#46;<\/p>\n","protected":false},"author":1,"featured_media":0,"parent":0,"menu_order":0,"comment_status":"closed","ping_status":"closed","template":"","meta":{"_monsterinsights_skip_tracking":false,"_monsterinsights_sitenote_active":false,"_monsterinsights_sitenote_note":"","_monsterinsights_sitenote_category":0,"footnotes":""},"yoast_head":"<!-- This site is optimized with the Yoast SEO plugin v21.2 - https:\/\/yoast.com\/wordpress\/plugins\/seo\/ -->\n<title>Medi\u00e1ln\u00ed skupina HMG - GOLFMAGAZINE.cz<\/title>\n<meta name=\"robots\" content=\"index, follow, max-snippet:-1, max-image-preview:large, max-video-preview:-1\" \/>\n<link rel=\"canonical\" href=\"https:\/\/golfmagazine.cz\/index.php\/medialni-skupina-hmg\/\" \/>\n<meta property=\"og:locale\" content=\"cs_CZ\" \/>\n<meta property=\"og:type\" content=\"article\" \/>\n<meta property=\"og:title\" content=\"Medi\u00e1ln\u00ed skupina HMG - GOLFMAGAZINE.cz\" \/>\n<meta property=\"og:description\" content=\"HOUSE Media Group\u00a0je seskupen\u00ed n\u011bkolika aktivn\u00edch firem v oblasti medi\u00ed, kter\u00e9 se ke konci roku 2018 spojily v jednu zna\u010dku\/firmu, pod kterou budou spole\u010dn\u011b vystupovat. Z\u00e1rove\u0148 v pr\u016fb\u011bhu roku 2023 do spole\u010dnosti vstoup\u00ed zahrani\u010dn\u00ed&#046;&#046;&#046;\" \/>\n<meta property=\"og:url\" content=\"https:\/\/golfmagazine.cz\/index.php\/medialni-skupina-hmg\/\" \/>\n<meta property=\"og:site_name\" content=\"GOLFMAGAZINE.cz\" \/>\n<meta property=\"article:modified_time\" content=\"2023-06-14T15:04:46+00:00\" \/>\n<meta name=\"twitter:card\" content=\"summary_large_image\" \/>\n<meta name=\"twitter:label1\" content=\"Odhadovan\u00e1 doba \u010dten\u00ed\" \/>\n\t<meta name=\"twitter:data1\" content=\"1 minuta\" \/>\n<script type=\"application\/ld+json\" class=\"yoast-schema-graph\">{\"@context\":\"https:\/\/schema.org\",\"@graph\":[{\"@type\":\"WebPage\",\"@id\":\"https:\/\/golfmagazine.cz\/index.php\/medialni-skupina-hmg\/\",\"url\":\"https:\/\/golfmagazine.cz\/index.php\/medialni-skupina-hmg\/\",\"name\":\"Medi\u00e1ln\u00ed skupina HMG - GOLFMAGAZINE.cz\",\"isPartOf\":{\"@id\":\"https:\/\/golfmagazine.cz\/#website\"},\"datePublished\":\"2019-03-10T23:53:14+00:00\",\"dateModified\":\"2023-06-14T15:04:46+00:00\",\"breadcrumb\":{\"@id\":\"https:\/\/golfmagazine.cz\/index.php\/medialni-skupina-hmg\/#breadcrumb\"},\"inLanguage\":\"cs\",\"potentialAction\":[{\"@type\":\"ReadAction\",\"target\":[\"https:\/\/golfmagazine.cz\/index.php\/medialni-skupina-hmg\/\"]}]},{\"@type\":\"BreadcrumbList\",\"@id\":\"https:\/\/golfmagazine.cz\/index.php\/medialni-skupina-hmg\/#breadcrumb\",\"itemListElement\":[{\"@type\":\"ListItem\",\"position\":1,\"name\":\"Dom\u016f\",\"item\":\"https:\/\/golfmagazine.cz\/\"},{\"@type\":\"ListItem\",\"position\":2,\"name\":\"Medi\u00e1ln\u00ed skupina HMG\"}]},{\"@type\":\"WebSite\",\"@id\":\"https:\/\/golfmagazine.cz\/#website\",\"url\":\"https:\/\/golfmagazine.cz\/\",\"name\":\"GOLFMAGAZINE.cz\",\"description\":\"Port\u00e1l pln\u00fd golfu...\",\"publisher\":{\"@id\":\"https:\/\/golfmagazine.cz\/#organization\"},\"potentialAction\":[{\"@type\":\"SearchAction\",\"target\":{\"@type\":\"EntryPoint\",\"urlTemplate\":\"https:\/\/golfmagazine.cz\/?s={search_term_string}\"},\"query-input\":\"required name=search_term_string\"}],\"inLanguage\":\"cs\"},{\"@type\":\"Organization\",\"@id\":\"https:\/\/golfmagazine.cz\/#organization\",\"name\":\"GOLFMAGAZINE.cz\",\"url\":\"https:\/\/golfmagazine.cz\/\",\"logo\":{\"@type\":\"ImageObject\",\"inLanguage\":\"cs\",\"@id\":\"https:\/\/golfmagazine.cz\/#\/schema\/logo\/image\/\",\"url\":\"https:\/\/golfmagazine.cz\/wp-content\/uploads\/2019\/04\/cropped-Logo_GOLFMAGAZINE_V4-2.png\",\"contentUrl\":\"https:\/\/golfmagazine.cz\/wp-content\/uploads\/2019\/04\/cropped-Logo_GOLFMAGAZINE_V4-2.png\",\"width\":945,\"height\":142,\"caption\":\"GOLFMAGAZINE.cz\"},\"image\":{\"@id\":\"https:\/\/golfmagazine.cz\/#\/schema\/logo\/image\/\"}}]}<\/script>\n<!-- \/ Yoast SEO plugin. -->","yoast_head_json":{"title":"Medi\u00e1ln\u00ed skupina HMG - GOLFMAGAZINE.cz","robots":{"index":"index","follow":"follow","max-snippet":"max-snippet:-1","max-image-preview":"max-image-preview:large","max-video-preview":"max-video-preview:-1"},"canonical":"https:\/\/golfmagazine.cz\/index.php\/medialni-skupina-hmg\/","og_locale":"cs_CZ","og_type":"article","og_title":"Medi\u00e1ln\u00ed skupina HMG - GOLFMAGAZINE.cz","og_description":"HOUSE Media Group\u00a0je seskupen\u00ed n\u011bkolika aktivn\u00edch firem v oblasti medi\u00ed, kter\u00e9 se ke konci roku 2018 spojily v jednu zna\u010dku\/firmu, pod kterou budou spole\u010dn\u011b vystupovat. Z\u00e1rove\u0148 v pr\u016fb\u011bhu roku 2023 do spole\u010dnosti vstoup\u00ed zahrani\u010dn\u00ed&#46;&#46;&#46;","og_url":"https:\/\/golfmagazine.cz\/index.php\/medialni-skupina-hmg\/","og_site_name":"GOLFMAGAZINE.cz","article_modified_time":"2023-06-14T15:04:46+00:00","twitter_card":"summary_large_image","twitter_misc":{"Odhadovan\u00e1 doba \u010dten\u00ed":"1 minuta"},"schema":{"@context":"https:\/\/schema.org","@graph":[{"@type":"WebPage","@id":"https:\/\/golfmagazine.cz\/index.php\/medialni-skupina-hmg\/","url":"https:\/\/golfmagazine.cz\/index.php\/medialni-skupina-hmg\/","name":"Medi\u00e1ln\u00ed skupina HMG - GOLFMAGAZINE.cz","isPartOf":{"@id":"https:\/\/golfmagazine.cz\/#website"},"datePublished":"2019-03-10T23:53:14+00:00","dateModified":"2023-06-14T15:04:46+00:00","breadcrumb":{"@id":"https:\/\/golfmagazine.cz\/index.php\/medialni-skupina-hmg\/#breadcrumb"},"inLanguage":"cs","potentialAction":[{"@type":"ReadAction","target":["https:\/\/golfmagazine.cz\/index.php\/medialni-skupina-hmg\/"]}]},{"@type":"BreadcrumbList","@id":"https:\/\/golfmagazine.cz\/index.php\/medialni-skupina-hmg\/#breadcrumb","itemListElement":[{"@type":"ListItem","position":1,"name":"Dom\u016f","item":"https:\/\/golfmagazine.cz\/"},{"@type":"ListItem","position":2,"name":"Medi\u00e1ln\u00ed skupina HMG"}]},{"@type":"WebSite","@id":"https:\/\/golfmagazine.cz\/#website","url":"https:\/\/golfmagazine.cz\/","name":"GOLFMAGAZINE.cz","description":"Port\u00e1l pln\u00fd golfu...","publisher":{"@id":"https:\/\/golfmagazine.cz\/#organization"},"potentialAction":[{"@type":"SearchAction","target":{"@type":"EntryPoint","urlTemplate":"https:\/\/golfmagazine.cz\/?s={search_term_string}"},"query-input":"required name=search_term_string"}],"inLanguage":"cs"},{"@type":"Organization","@id":"https:\/\/golfmagazine.cz\/#organization","name":"GOLFMAGAZINE.cz","url":"https:\/\/golfmagazine.cz\/","logo":{"@type":"ImageObject","inLanguage":"cs","@id":"https:\/\/golfmagazine.cz\/#\/schema\/logo\/image\/","url":"https:\/\/golfmagazine.cz\/wp-content\/uploads\/2019\/04\/cropped-Logo_GOLFMAGAZINE_V4-2.png","contentUrl":"https:\/\/golfmagazine.cz\/wp-content\/uploads\/2019\/04\/cropped-Logo_GOLFMAGAZINE_V4-2.png","width":945,"height":142,"caption":"GOLFMAGAZINE.cz"},"image":{"@id":"https:\/\/golfmagazine.cz\/#\/schema\/logo\/image\/"}}]}},"_links":{"self":[{"href":"https:\/\/golfmagazine.cz\/index.php\/wp-json\/wp\/v2\/pages\/76"}],"collection":[{"href":"https:\/\/golfmagazine.cz\/index.php\/wp-json\/wp\/v2\/pages"}],"about":[{"href":"https:\/\/golfmagazine.cz\/index.php\/wp-json\/wp\/v2\/types\/page"}],"author":[{"embeddable":true,"href":"https:\/\/golfmagazine.cz\/index.php\/wp-json\/wp\/v2\/users\/1"}],"replies":[{"embeddable":true,"href":"https:\/\/golfmagazine.cz\/index.php\/wp-json\/wp\/v2\/comments?post=76"}],"version-history":[{"count":9,"href":"https:\/\/golfmagazine.cz\/index.php\/wp-json\/wp\/v2\/pages\/76\/revisions"}],"predecessor-version":[{"id":1681,"href":"https:\/\/golfmagazine.cz\/index.php\/wp-json\/wp\/v2\/pages\/76\/revisions\/1681"}],"wp:attachment":[{"href":"https:\/\/golfmagazine.cz\/index.php\/wp-json\/wp\/v2\/media?parent=76"}],"curies":[{"name":"wp","href":"https:\/\/api.w.org\/{rel}","templated":true}]}}